{"id":9855,"date":"2016-05-16T23:31:20","date_gmt":"2016-05-16T23:31:20","guid":{"rendered":"http:\/\/amvision.fr\/ru\/concession_a_perpetuite"},"modified":"2016-05-29T23:11:51","modified_gmt":"2016-05-29T23:11:51","slug":"concession_a_perpetuite","status":"publish","type":"page","link":"http:\/\/amvision.fr\/ru\/am-vision\/fotographia\/concession_a_perpetuite","title":{"rendered":"Concession \u00e0 perp\u00e9tuit\u00e9"},"content":{"rendered":"","protected":false},"excerpt":{"rendered":"","protected":false},"author":1,"featured_media":0,"parent":9816,"menu_order":0,"comment_status":"closed","ping_status":"closed","template":"template-fullpage.php","meta":{"footnotes":""},"class_list":["post-9855","page","type-page","status-publish","hentry"],"_links":{"self":[{"href":"http:\/\/amvision.fr\/ru\/wp-json\/wp\/v2\/pages\/9855","targetHints":{"allow":["GET"]}}],"collection":[{"href":"http:\/\/amvision.fr\/ru\/wp-json\/wp\/v2\/pages"}],"about":[{"href":"http:\/\/amvision.fr\/ru\/wp-json\/wp\/v2\/types\/page"}],"author":[{"embeddable":true,"href":"http:\/\/amvision.fr\/ru\/wp-json\/wp\/v2\/users\/1"}],"replies":[{"embeddable":true,"href":"http:\/\/amvision.fr\/ru\/wp-json\/wp\/v2\/comments?post=9855"}],"version-history":[{"count":1,"href":"http:\/\/amvision.fr\/ru\/wp-json\/wp\/v2\/pages\/9855\/revisions"}],"predecessor-version":[{"id":9857,"href":"http:\/\/amvision.fr\/ru\/wp-json\/wp\/v2\/pages\/9855\/revisions\/9857"}],"up":[{"embeddable":true,"href":"http:\/\/amvision.fr\/ru\/wp-json\/wp\/v2\/pages\/9816"}],"wp:attachment":[{"href":"http:\/\/amvision.fr\/ru\/wp-json\/wp\/v2\/media?parent=9855"}],"curies":[{"name":"wp","href":"https:\/\/api.w.org\/{rel}","templated":true}]}}